{"id":27,"date":"2023-07-11T13:09:21","date_gmt":"2023-07-11T11:09:21","guid":{"rendered":"http:\/\/reeducreflexesarchaiques.ovh\/?page_id=27"},"modified":"2023-07-13T15:47:06","modified_gmt":"2023-07-13T13:47:06","slug":"accueil","status":"publish","type":"page","link":"https:\/\/reeducreflexesarchaiques.ovh\/","title":{"rendered":"Accueil"},"content":{"rendered":"\n<div class=\"wp-block-group has-nv-site-bg-background-color has-background\"><div class=\"wp-block-group__inner-container is-layout-constrained wp-block-group-is-layout-constrained\">\n<div style=\"height:80px\" aria-hidden=\"true\" class=\"wp-block-spacer\"><\/div>\n\n\n\n<div class=\"wp-block-cover is-light has-parallax has-custom-content-position is-position-bottom-right wp-duotone-unset-1\" style=\"min-height:100vh;aspect-ratio:unset;\"><span aria-hidden=\"true\" class=\"wp-block-cover__background has-neve-text-color-background-color has-background-dim-40 has-background-dim\"><\/span><div role=\"img\" class=\"wp-block-cover__image-background wp-image-67 has-parallax\" style=\"background-position:50% 50%;background-image:url(http:\/\/reeducreflexesarchaiques.ovh\/wp-content\/uploads\/2023\/07\/article-reflexe4.jpg)\"><\/div><div class=\"wp-block-cover__inner-container is-layout-flow wp-block-cover-is-layout-flow\">\n<ul class=\"has-nv-dark-bg-color has-nv-site-bg-background-color has-text-color has-background wp-block-list\">\n<li class=\"has-medium-font-size\">Hypersensibilit\u00e9 sensorielle, difficult\u00e9s d&#8217;adaptation, difficult\u00e9 relationnelles<\/li>\n\n\n\n<li class=\"has-medium-font-size\">Dyslexie, dysorthographie, dysgraphie r\u00e9currentes<\/li>\n\n\n\n<li class=\"has-medium-font-size\">Trouble de la coordination, de l&#8217;attention, de la concentration<\/li>\n\n\n\n<li class=\"has-medium-font-size\">M\u00e9moire d\u00e9ficiente<\/li>\n\n\n\n<li class=\"has-medium-font-size\">Agitation, fatigabilit\u00e9, lenteur<\/li>\n\n\n\n<li class=\"has-medium-font-size\">Apprentissages scolaires difficiles<\/li>\n<\/ul>\n<\/div><\/div>\n<\/div><\/div>\n\n\n\n<div style=\"height:80px\" aria-hidden=\"true\" class=\"wp-block-spacer\"><\/div>\n\n\n\n<p class=\"has-nv-dark-bg-color has-text-color\"><strong>A la naissance, l&#8217;enfant poss\u00e8de, pour vivre et interagir avec son environnement, un r\u00e9pertoire de mouvements instinctifs appel\u00e9s &#8220;r\u00e9flexes archa\u00efques&#8221;. Ces mouvements commencent \u00e0 se manifester d\u00e8s le d\u00e9but de la vie in-ut\u00e9ro. Les r\u00e9flexes archa\u00efques peuvent persister chez certaines personnes et g\u00e9n\u00e9rer des difficult\u00e9s de d\u00e9veloppement ou d&#8217;apprentissage.<\/strong><\/p>\n\n\n\n<p class=\"has-medium-font-size\"><strong>Qu&#8217;est-ce qui peut bien emp\u00eacher un enfant intelligent, plein de vie et d&#8217;id\u00e9es, de lire, \u00e9crire, calculer, de se concentrer et rester assis sur sa chaise \u00e0 l&#8217;\u00e9cole ?<\/strong> <\/p>\n\n\n\n<p class=\"has-medium-font-size\"><strong>Pourquoi d&#8217;autres, n&#8217;arrivent pas \u00e0 trouver un \u00e9quilibre relationnel \u00e9panouissant ou d\u00e9ploient des efforts d\u00e9mesur\u00e9s pour ma\u00eetriser des gestes quotidiens <\/strong>?<\/p>\n\n\n\n<p><strong>Chez l&#8217;adulte, ces troubles, bien que masqu\u00e9s par des m\u00e9canismes de compensation peuvent se traduire par des difficult\u00e9s d&#8217;adaptation, des \u00e9tats d\u00e9pressifs, des d\u00e9ficits de confiance en soi, du stress, des insomnies, de la fatigabilit\u00e9&#8230;<\/strong><\/p>\n\n\n\n<p><strong>Lorsque les difficult\u00e9s scolaires ou comportementales d&#8217;un enfant persistent malgr\u00e9 le soutien extra-scolaire, \u00e9ducatif et psychologique qui lui est apport\u00e9, il faut que les parents, les enseignants et les \u00e9ducateurs se posent la question : pourquoi en est-il ainsi ?<\/strong><\/p>\n\n\n\n<p><strong>Parents et enseignants sont confront\u00e9s aux difficult\u00e9s de d\u00e9veloppement de d\u00e9veloppement et d&#8217;apprentissage de certains enfants qui bien qu&#8217;intelligents, n&#8217;arrivent pas \u00e0 exprimer leurs capacit\u00e9, que ce soit \u00e0 l&#8217;\u00e9cole ou dans leur vie personnelle.<\/strong><\/p>\n\n\n\n<p><strong>Cela peut se traduire par des troubles identifi\u00e9s tels que la dyslexie, de la dyscalculie, de la dyspraxie, de l&#8217;hyperactivit\u00e9, des troubles de l&#8217;attention et de la concentration ou par des troubles plus diffus de d\u00e9veloppement de la personnalit\u00e9 tels que la timidit\u00e9, l&#8217;agressivit\u00e9, l&#8217;hypersensibilit\u00e9&#8230;<\/strong><\/p>\n","protected":false},"excerpt":{"rendered":"<p>A la naissance, l&#8217;enfant poss\u00e8de, pour vivre et interagir avec son environnement, un r\u00e9pertoire de mouvements instinctifs appel\u00e9s &#8220;r\u00e9flexes archa\u00efques&#8221;. Ces mouvements commencent \u00e0 se manifester d\u00e8s le d\u00e9but de la vie in-ut\u00e9ro. Les r\u00e9flexes archa\u00efques peuvent persister chez certaines personnes et g\u00e9n\u00e9rer des difficult\u00e9s de d\u00e9veloppement ou d&#8217;apprentissage. Qu&#8217;est-ce qui peut bien emp\u00eacher un&hellip;&nbsp;<a href=\"https:\/\/reeducreflexesarchaiques.ovh\/\" class=\"\" rel=\"bookmark\">Read More &raquo;<span class=\"screen-reader-text\">Accueil<\/span><\/a><\/p>\n","protected":false},"author":1,"featured_media":67,"parent":0,"menu_order":0,"comment_status":"closed","ping_status":"closed","template":"","meta":{"neve_meta_sidebar":"","neve_meta_container":"","neve_meta_enable_content_width":"on","neve_meta_content_width":100,"neve_meta_title_alignment":"","neve_meta_author_avatar":"","neve_post_elements_order":"","neve_meta_disable_header":"","neve_meta_disable_footer":"","neve_meta_disable_title":"on","_ti_tpc_template_sync":false,"_ti_tpc_template_id":"","footnotes":""},"class_list":["post-27","page","type-page","status-publish","has-post-thumbnail","hentry"],"yoast_head":"<!-- This site is optimized with the Yoast SEO plugin v20.10 - https:\/\/yoast.com\/wordpress\/plugins\/seo\/ -->\n<title>Accueil - R\u00e9\u00e9ducation sensorielle et motrice<\/title>\n<meta name=\"description\" content=\"Qu&#039;est-ce qui peut bien emp\u00eacher un enfant intelligent, plein de vie et d&#039;id\u00e9es, de lire, \u00e9crire, calculer, de se concentrer et rester assis sur sa chaise \u00e0 l&#039;\u00e9cole ? Pourquoi d&#039;autres, n&#039;arrivent pas \u00e0 trouver un \u00e9quilibre relationnel \u00e9panouissant ou d\u00e9ploient des efforts d\u00e9mesur\u00e9s pour ma\u00eetriser des gestes quotidiens ?\" \/>\n<meta name=\"robots\" content=\"index, follow, max-snippet:-1, max-image-preview:large, max-video-preview:-1\" \/>\n<link rel=\"canonical\" href=\"https:\/\/reeducreflexesarchaiques.ovh\/\" \/>\n<meta property=\"og:locale\" content=\"en_US\" \/>\n<meta property=\"og:type\" content=\"article\" \/>\n<meta property=\"og:title\" content=\"Accueil - R\u00e9\u00e9ducation sensorielle et motrice\" \/>\n<meta property=\"og:description\" content=\"Qu&#039;est-ce qui peut bien emp\u00eacher un enfant intelligent, plein de vie et d&#039;id\u00e9es, de lire, \u00e9crire, calculer, de se concentrer et rester assis sur sa chaise \u00e0 l&#039;\u00e9cole ? Pourquoi d&#039;autres, n&#039;arrivent pas \u00e0 trouver un \u00e9quilibre relationnel \u00e9panouissant ou d\u00e9ploient des efforts d\u00e9mesur\u00e9s pour ma\u00eetriser des gestes quotidiens ?\" \/>\n<meta property=\"og:url\" content=\"https:\/\/reeducreflexesarchaiques.ovh\/\" \/>\n<meta property=\"og:site_name\" content=\"R\u00e9\u00e9ducation sensorielle et motrice\" \/>\n<meta property=\"article:modified_time\" content=\"2023-07-13T13:47:06+00:00\" \/>\n<meta property=\"og:image\" content=\"https:\/\/reeducreflexesarchaiques.ovh\/wp-content\/uploads\/2023\/07\/article-reflexe4.jpg\" \/>\n\t<meta property=\"og:image:width\" content=\"821\" \/>\n\t<meta property=\"og:image:height\" content=\"543\" \/>\n\t<meta property=\"og:image:type\" content=\"image\/jpeg\" \/>\n<meta name=\"twitter:card\" content=\"summary_large_image\" \/>\n<meta name=\"twitter:label1\" content=\"Est. reading time\" \/>\n\t<meta name=\"twitter:data1\" content=\"2 minutes\" \/>\n<script type=\"application\/ld+json\" class=\"yoast-schema-graph\">{\"@context\":\"https:\/\/schema.org\",\"@graph\":[{\"@type\":\"WebPage\",\"@id\":\"https:\/\/reeducreflexesarchaiques.ovh\/\",\"url\":\"https:\/\/reeducreflexesarchaiques.ovh\/\",\"name\":\"Accueil - R\u00e9\u00e9ducation sensorielle et motrice\",\"isPartOf\":{\"@id\":\"https:\/\/reeducreflexesarchaiques.ovh\/#website\"},\"datePublished\":\"2023-07-11T11:09:21+00:00\",\"dateModified\":\"2023-07-13T13:47:06+00:00\",\"description\":\"Qu'est-ce qui peut bien emp\u00eacher un enfant intelligent, plein de vie et d'id\u00e9es, de lire, \u00e9crire, calculer, de se concentrer et rester assis sur sa chaise \u00e0 l'\u00e9cole ? Pourquoi d'autres, n'arrivent pas \u00e0 trouver un \u00e9quilibre relationnel \u00e9panouissant ou d\u00e9ploient des efforts d\u00e9mesur\u00e9s pour ma\u00eetriser des gestes quotidiens ?\",\"breadcrumb\":{\"@id\":\"https:\/\/reeducreflexesarchaiques.ovh\/#breadcrumb\"},\"inLanguage\":\"en-US\",\"potentialAction\":[{\"@type\":\"ReadAction\",\"target\":[\"https:\/\/reeducreflexesarchaiques.ovh\/\"]}]},{\"@type\":\"BreadcrumbList\",\"@id\":\"https:\/\/reeducreflexesarchaiques.ovh\/#breadcrumb\",\"itemListElement\":[{\"@type\":\"ListItem\",\"position\":1,\"name\":\"Accueil\",\"item\":\"https:\/\/reeducreflexesarchaiques.ovh\/\"},{\"@type\":\"ListItem\",\"position\":2,\"name\":\"Accueil\"}]},{\"@type\":\"WebSite\",\"@id\":\"https:\/\/reeducreflexesarchaiques.ovh\/#website\",\"url\":\"https:\/\/reeducreflexesarchaiques.ovh\/\",\"name\":\"R\u00e9\u00e9ducation sensorielle et motrice\",\"description\":\"ree\",\"publisher\":{\"@id\":\"https:\/\/reeducreflexesarchaiques.ovh\/#organization\"},\"potentialAction\":[{\"@type\":\"SearchAction\",\"target\":{\"@type\":\"EntryPoint\",\"urlTemplate\":\"https:\/\/reeducreflexesarchaiques.ovh\/?s={search_term_string}\"},\"query-input\":\"required name=search_term_string\"}],\"inLanguage\":\"en-US\"},{\"@type\":\"Organization\",\"@id\":\"https:\/\/reeducreflexesarchaiques.ovh\/#organization\",\"name\":\"R\u00e9\u00e9ducation sensorielle et motrice\",\"url\":\"https:\/\/reeducreflexesarchaiques.ovh\/\",\"logo\":{\"@type\":\"ImageObject\",\"inLanguage\":\"en-US\",\"@id\":\"https:\/\/reeducreflexesarchaiques.ovh\/#\/schema\/logo\/image\/\",\"url\":\"\",\"contentUrl\":\"\",\"caption\":\"R\u00e9\u00e9ducation sensorielle et motrice\"},\"image\":{\"@id\":\"https:\/\/reeducreflexesarchaiques.ovh\/#\/schema\/logo\/image\/\"}}]}<\/script>\n<!-- \/ Yoast SEO plugin. -->","yoast_head_json":{"title":"Accueil - R\u00e9\u00e9ducation sensorielle et motrice","description":"Qu'est-ce qui peut bien emp\u00eacher un enfant intelligent, plein de vie et d'id\u00e9es, de lire, \u00e9crire, calculer, de se concentrer et rester assis sur sa chaise \u00e0 l'\u00e9cole ? Pourquoi d'autres, n'arrivent pas \u00e0 trouver un \u00e9quilibre relationnel \u00e9panouissant ou d\u00e9ploient des efforts d\u00e9mesur\u00e9s pour ma\u00eetriser des gestes quotidiens ?","robots":{"index":"index","follow":"follow","max-snippet":"max-snippet:-1","max-image-preview":"max-image-preview:large","max-video-preview":"max-video-preview:-1"},"canonical":"https:\/\/reeducreflexesarchaiques.ovh\/","og_locale":"en_US","og_type":"article","og_title":"Accueil - R\u00e9\u00e9ducation sensorielle et motrice","og_description":"Qu'est-ce qui peut bien emp\u00eacher un enfant intelligent, plein de vie et d'id\u00e9es, de lire, \u00e9crire, calculer, de se concentrer et rester assis sur sa chaise \u00e0 l'\u00e9cole ? Pourquoi d'autres, n'arrivent pas \u00e0 trouver un \u00e9quilibre relationnel \u00e9panouissant ou d\u00e9ploient des efforts d\u00e9mesur\u00e9s pour ma\u00eetriser des gestes quotidiens ?","og_url":"https:\/\/reeducreflexesarchaiques.ovh\/","og_site_name":"R\u00e9\u00e9ducation sensorielle et motrice","article_modified_time":"2023-07-13T13:47:06+00:00","og_image":[{"width":821,"height":543,"url":"https:\/\/reeducreflexesarchaiques.ovh\/wp-content\/uploads\/2023\/07\/article-reflexe4.jpg","type":"image\/jpeg"}],"twitter_card":"summary_large_image","twitter_misc":{"Est. reading time":"2 minutes"},"schema":{"@context":"https:\/\/schema.org","@graph":[{"@type":"WebPage","@id":"https:\/\/reeducreflexesarchaiques.ovh\/","url":"https:\/\/reeducreflexesarchaiques.ovh\/","name":"Accueil - R\u00e9\u00e9ducation sensorielle et motrice","isPartOf":{"@id":"https:\/\/reeducreflexesarchaiques.ovh\/#website"},"datePublished":"2023-07-11T11:09:21+00:00","dateModified":"2023-07-13T13:47:06+00:00","description":"Qu'est-ce qui peut bien emp\u00eacher un enfant intelligent, plein de vie et d'id\u00e9es, de lire, \u00e9crire, calculer, de se concentrer et rester assis sur sa chaise \u00e0 l'\u00e9cole ? Pourquoi d'autres, n'arrivent pas \u00e0 trouver un \u00e9quilibre relationnel \u00e9panouissant ou d\u00e9ploient des efforts d\u00e9mesur\u00e9s pour ma\u00eetriser des gestes quotidiens ?","breadcrumb":{"@id":"https:\/\/reeducreflexesarchaiques.ovh\/#breadcrumb"},"inLanguage":"en-US","potentialAction":[{"@type":"ReadAction","target":["https:\/\/reeducreflexesarchaiques.ovh\/"]}]},{"@type":"BreadcrumbList","@id":"https:\/\/reeducreflexesarchaiques.ovh\/#breadcrumb","itemListElement":[{"@type":"ListItem","position":1,"name":"Accueil","item":"https:\/\/reeducreflexesarchaiques.ovh\/"},{"@type":"ListItem","position":2,"name":"Accueil"}]},{"@type":"WebSite","@id":"https:\/\/reeducreflexesarchaiques.ovh\/#website","url":"https:\/\/reeducreflexesarchaiques.ovh\/","name":"R\u00e9\u00e9ducation sensorielle et motrice","description":"ree","publisher":{"@id":"https:\/\/reeducreflexesarchaiques.ovh\/#organization"},"potentialAction":[{"@type":"SearchAction","target":{"@type":"EntryPoint","urlTemplate":"https:\/\/reeducreflexesarchaiques.ovh\/?s={search_term_string}"},"query-input":"required name=search_term_string"}],"inLanguage":"en-US"},{"@type":"Organization","@id":"https:\/\/reeducreflexesarchaiques.ovh\/#organization","name":"R\u00e9\u00e9ducation sensorielle et motrice","url":"https:\/\/reeducreflexesarchaiques.ovh\/","logo":{"@type":"ImageObject","inLanguage":"en-US","@id":"https:\/\/reeducreflexesarchaiques.ovh\/#\/schema\/logo\/image\/","url":"","contentUrl":"","caption":"R\u00e9\u00e9ducation sensorielle et motrice"},"image":{"@id":"https:\/\/reeducreflexesarchaiques.ovh\/#\/schema\/logo\/image\/"}}]}},"_links":{"self":[{"href":"https:\/\/reeducreflexesarchaiques.ovh\/index.php\/wp-json\/wp\/v2\/pages\/27","targetHints":{"allow":["GET"]}}],"collection":[{"href":"https:\/\/reeducreflexesarchaiques.ovh\/index.php\/wp-json\/wp\/v2\/pages"}],"about":[{"href":"https:\/\/reeducreflexesarchaiques.ovh\/index.php\/wp-json\/wp\/v2\/types\/page"}],"author":[{"embeddable":true,"href":"https:\/\/reeducreflexesarchaiques.ovh\/index.php\/wp-json\/wp\/v2\/users\/1"}],"replies":[{"embeddable":true,"href":"https:\/\/reeducreflexesarchaiques.ovh\/index.php\/wp-json\/wp\/v2\/comments?post=27"}],"version-history":[{"count":13,"href":"https:\/\/reeducreflexesarchaiques.ovh\/index.php\/wp-json\/wp\/v2\/pages\/27\/revisions"}],"predecessor-version":[{"id":143,"href":"https:\/\/reeducreflexesarchaiques.ovh\/index.php\/wp-json\/wp\/v2\/pages\/27\/revisions\/143"}],"wp:featuredmedia":[{"embeddable":true,"href":"https:\/\/reeducreflexesarchaiques.ovh\/index.php\/wp-json\/wp\/v2\/media\/67"}],"wp:attachment":[{"href":"https:\/\/reeducreflexesarchaiques.ovh\/index.php\/wp-json\/wp\/v2\/media?parent=27"}],"curies":[{"name":"wp","href":"https:\/\/api.w.org\/{rel}","templated":true}]}}