{"id":30,"date":"2023-07-11T13:09:21","date_gmt":"2023-07-11T11:09:21","guid":{"rendered":"http:\/\/reeducreflexesarchaiques.ovh\/?page_id=30"},"modified":"2023-07-13T19:15:29","modified_gmt":"2023-07-13T17:15:29","slug":"portofolio","status":"publish","type":"page","link":"https:\/\/reeducreflexesarchaiques.ovh\/index.php\/portofolio\/","title":{"rendered":"Votre praticien"},"content":{"rendered":"\n<div class=\"wp-block-group has-nv-site-bg-background-color has-background\"><div class=\"wp-block-group__inner-container is-layout-flow wp-block-group-is-layout-flow\">\n<div class=\"wp-block-group\"><div class=\"wp-block-group__inner-container is-layout-flow wp-block-group-is-layout-flow\">\n<h1 class=\"wp-block-heading has-text-align-left has-neve-text-color-color has-text-color has-large-font-size\">Val\u00e9rie Baillou se base sur ses formations et 15 ans d&#8217;exp\u00e9rience des m\u00e9thodes de r\u00e9\u00e9ducation sensorielle et physio-motrice.<\/h1>\n\n\n\n<p>&#8211;<\/p>\n\n\n\n<div class=\"wp-block-group\"><div class=\"wp-block-group__inner-container is-layout-constrained wp-block-group-is-layout-constrained\"><div class=\"wp-block-image\">\n<figure class=\"alignleft size-large is-resized\"><img loading=\"lazy\" decoding=\"async\" src=\"http:\/\/reeducreflexesarchaiques.ovh\/wp-content\/uploads\/2023\/07\/20230711_153526-scaled-e1689084889978-576x1024.jpg\" alt=\"\" class=\"wp-image-75\" width=\"190\" height=\"337\"\/><\/figure>\n<\/div>\n\n\n<p class=\"has-nv-light-bg-color has-text-color\"><\/p>\n<\/div><\/div>\n<\/div><\/div>\n\n\n\n<div class=\"wp-block-group\"><div class=\"wp-block-group__inner-container is-layout-constrained wp-block-group-is-layout-constrained\">\n<ul class=\"wp-block-list\">\n<li class=\"has-medium-font-size\">Formation de Marie-Claude Maisonneuve dipl\u00f4m\u00e9e en 2006<\/li>\n\n\n\n<li class=\"has-medium-font-size\">Formation de Pascale Brochu (canadienne) : int\u00e9gration sensorielle chez les autistes<\/li>\n<\/ul>\n\n\n\n<ul class=\"wp-block-list\">\n<li class=\"has-medium-font-size\">Formation &#8220;apprendre \u00e0 apprendre&#8221; d&#8217;Elisabeth Vaill\u00e9 Nuyts<\/li>\n<\/ul>\n<\/div><\/div>\n<\/div><\/div>\n\n\n\n<div class=\"wp-block-cover alignfull\" style=\"min-height:600px;aspect-ratio:unset;\"><span aria-hidden=\"true\" class=\"wp-block-cover__background has-nv-site-bg-background-color has-background-dim-100 has-background-dim\"><\/span><div class=\"wp-block-cover__inner-container is-layout-flow wp-block-cover-is-layout-flow\">\n<div class=\"wp-block-group\"><div class=\"wp-block-group__inner-container is-layout-flow wp-block-group-is-layout-flow\">\n<div style=\"height:40px\" aria-hidden=\"true\" class=\"wp-block-spacer\"><\/div>\n<\/div><\/div>\n<\/div><\/div>\n\n\n\n<div class=\"wp-block-cover alignfull\" style=\"min-height:300px;aspect-ratio:unset;\"><span aria-hidden=\"true\" class=\"wp-block-cover__background has-nv-dark-bg-background-color has-background-dim-100 has-background-dim\"><\/span><div class=\"wp-block-cover__inner-container is-layout-flow wp-block-cover-is-layout-flow\">\n<div style=\"height:80px\" aria-hidden=\"true\" class=\"wp-block-spacer\"><\/div>\n\n\n<div class=\"wp-block-image is-style-rounded\">\n<figure class=\"aligncenter size-large is-resized\"><img decoding=\"async\" src=\"http:\/\/reeducreflexesarchaiques.ovh\/wp-content\/uploads\/2023\/07\/20230711_153526-576x1024.jpg\" alt=\"\" class=\"wp-image-75\" width=\"-2350\" height=\"-4179\"\/><\/figure>\n<\/div>\n\n\n<div style=\"height:24px\" aria-hidden=\"true\" class=\"wp-block-spacer\"><\/div>\n\n\n\n<p class=\"has-text-align-center has-nv-text-dark-bg-color has-text-color\">Val\u00e9rie Baillou<\/p>\n\n\n\n<div style=\"height:80px\" aria-hidden=\"true\" class=\"wp-block-spacer\"><\/div>\n<\/div><\/div>\n\n\n\n<p><\/p>\n","protected":false},"excerpt":{"rendered":"<p>Val\u00e9rie Baillou se base sur ses formations et 15 ans d&#8217;exp\u00e9rience des m\u00e9thodes de r\u00e9\u00e9ducation sensorielle et physio-motrice. &#8211;<\/p>\n","protected":false},"author":1,"featured_media":0,"parent":0,"menu_order":0,"comment_status":"closed","ping_status":"closed","template":"","meta":{"neve_meta_sidebar":"","neve_meta_container":"","neve_meta_enable_content_width":"on","neve_meta_content_width":100,"neve_meta_title_alignment":"","neve_meta_author_avatar":"","neve_post_elements_order":"","neve_meta_disable_header":"","neve_meta_disable_footer":"","neve_meta_disable_title":"on","_ti_tpc_template_sync":false,"_ti_tpc_template_id":"","footnotes":""},"class_list":["post-30","page","type-page","status-publish","hentry"],"yoast_head":"<!-- This site is optimized with the Yoast SEO plugin v20.10 - https:\/\/yoast.com\/wordpress\/plugins\/seo\/ -->\n<title>Votre praticien - R\u00e9\u00e9ducation sensorielle et motrice<\/title>\n<meta name=\"robots\" content=\"index, follow, max-snippet:-1, max-image-preview:large, max-video-preview:-1\" \/>\n<link rel=\"canonical\" href=\"https:\/\/reeducreflexesarchaiques.ovh\/index.php\/portofolio\/\" \/>\n<meta property=\"og:locale\" content=\"en_US\" \/>\n<meta property=\"og:type\" content=\"article\" \/>\n<meta property=\"og:title\" content=\"Votre praticien - R\u00e9\u00e9ducation sensorielle et motrice\" \/>\n<meta property=\"og:description\" content=\"Val\u00e9rie Baillou se base sur ses formations et 15 ans d&#8217;exp\u00e9rience des m\u00e9thodes de r\u00e9\u00e9ducation sensorielle et physio-motrice. &#8211;\" \/>\n<meta property=\"og:url\" content=\"https:\/\/reeducreflexesarchaiques.ovh\/index.php\/portofolio\/\" \/>\n<meta property=\"og:site_name\" content=\"R\u00e9\u00e9ducation sensorielle et motrice\" \/>\n<meta property=\"article:modified_time\" content=\"2023-07-13T17:15:29+00:00\" \/>\n<meta property=\"og:image\" content=\"http:\/\/reeducreflexesarchaiques.ovh\/wp-content\/uploads\/2023\/07\/20230711_153526-scaled-e1689084889978-576x1024.jpg\" \/>\n<meta name=\"twitter:card\" content=\"summary_large_image\" \/>\n<meta name=\"twitter:label1\" content=\"Est. reading time\" \/>\n\t<meta name=\"twitter:data1\" content=\"1 minute\" \/>\n<script type=\"application\/ld+json\" class=\"yoast-schema-graph\">{\"@context\":\"https:\/\/schema.org\",\"@graph\":[{\"@type\":\"WebPage\",\"@id\":\"https:\/\/reeducreflexesarchaiques.ovh\/index.php\/portofolio\/\",\"url\":\"https:\/\/reeducreflexesarchaiques.ovh\/index.php\/portofolio\/\",\"name\":\"Votre praticien - R\u00e9\u00e9ducation sensorielle et motrice\",\"isPartOf\":{\"@id\":\"https:\/\/reeducreflexesarchaiques.ovh\/#website\"},\"datePublished\":\"2023-07-11T11:09:21+00:00\",\"dateModified\":\"2023-07-13T17:15:29+00:00\",\"breadcrumb\":{\"@id\":\"https:\/\/reeducreflexesarchaiques.ovh\/index.php\/portofolio\/#breadcrumb\"},\"inLanguage\":\"en-US\",\"potentialAction\":[{\"@type\":\"ReadAction\",\"target\":[\"https:\/\/reeducreflexesarchaiques.ovh\/index.php\/portofolio\/\"]}]},{\"@type\":\"BreadcrumbList\",\"@id\":\"https:\/\/reeducreflexesarchaiques.ovh\/index.php\/portofolio\/#breadcrumb\",\"itemListElement\":[{\"@type\":\"ListItem\",\"position\":1,\"name\":\"Accueil\",\"item\":\"https:\/\/reeducreflexesarchaiques.ovh\/\"},{\"@type\":\"ListItem\",\"position\":2,\"name\":\"Votre praticien\"}]},{\"@type\":\"WebSite\",\"@id\":\"https:\/\/reeducreflexesarchaiques.ovh\/#website\",\"url\":\"https:\/\/reeducreflexesarchaiques.ovh\/\",\"name\":\"R\u00e9\u00e9ducation sensorielle et motrice\",\"description\":\"ree\",\"publisher\":{\"@id\":\"https:\/\/reeducreflexesarchaiques.ovh\/#organization\"},\"potentialAction\":[{\"@type\":\"SearchAction\",\"target\":{\"@type\":\"EntryPoint\",\"urlTemplate\":\"https:\/\/reeducreflexesarchaiques.ovh\/?s={search_term_string}\"},\"query-input\":\"required name=search_term_string\"}],\"inLanguage\":\"en-US\"},{\"@type\":\"Organization\",\"@id\":\"https:\/\/reeducreflexesarchaiques.ovh\/#organization\",\"name\":\"R\u00e9\u00e9ducation sensorielle et motrice\",\"url\":\"https:\/\/reeducreflexesarchaiques.ovh\/\",\"logo\":{\"@type\":\"ImageObject\",\"inLanguage\":\"en-US\",\"@id\":\"https:\/\/reeducreflexesarchaiques.ovh\/#\/schema\/logo\/image\/\",\"url\":\"\",\"contentUrl\":\"\",\"caption\":\"R\u00e9\u00e9ducation sensorielle et motrice\"},\"image\":{\"@id\":\"https:\/\/reeducreflexesarchaiques.ovh\/#\/schema\/logo\/image\/\"}}]}<\/script>\n<!-- \/ Yoast SEO plugin. -->","yoast_head_json":{"title":"Votre praticien - R\u00e9\u00e9ducation sensorielle et motrice","robots":{"index":"index","follow":"follow","max-snippet":"max-snippet:-1","max-image-preview":"max-image-preview:large","max-video-preview":"max-video-preview:-1"},"canonical":"https:\/\/reeducreflexesarchaiques.ovh\/index.php\/portofolio\/","og_locale":"en_US","og_type":"article","og_title":"Votre praticien - R\u00e9\u00e9ducation sensorielle et motrice","og_description":"Val\u00e9rie Baillou se base sur ses formations et 15 ans d&#8217;exp\u00e9rience des m\u00e9thodes de r\u00e9\u00e9ducation sensorielle et physio-motrice. &#8211;","og_url":"https:\/\/reeducreflexesarchaiques.ovh\/index.php\/portofolio\/","og_site_name":"R\u00e9\u00e9ducation sensorielle et motrice","article_modified_time":"2023-07-13T17:15:29+00:00","og_image":[{"url":"http:\/\/reeducreflexesarchaiques.ovh\/wp-content\/uploads\/2023\/07\/20230711_153526-scaled-e1689084889978-576x1024.jpg"}],"twitter_card":"summary_large_image","twitter_misc":{"Est. reading time":"1 minute"},"schema":{"@context":"https:\/\/schema.org","@graph":[{"@type":"WebPage","@id":"https:\/\/reeducreflexesarchaiques.ovh\/index.php\/portofolio\/","url":"https:\/\/reeducreflexesarchaiques.ovh\/index.php\/portofolio\/","name":"Votre praticien - R\u00e9\u00e9ducation sensorielle et motrice","isPartOf":{"@id":"https:\/\/reeducreflexesarchaiques.ovh\/#website"},"datePublished":"2023-07-11T11:09:21+00:00","dateModified":"2023-07-13T17:15:29+00:00","breadcrumb":{"@id":"https:\/\/reeducreflexesarchaiques.ovh\/index.php\/portofolio\/#breadcrumb"},"inLanguage":"en-US","potentialAction":[{"@type":"ReadAction","target":["https:\/\/reeducreflexesarchaiques.ovh\/index.php\/portofolio\/"]}]},{"@type":"BreadcrumbList","@id":"https:\/\/reeducreflexesarchaiques.ovh\/index.php\/portofolio\/#breadcrumb","itemListElement":[{"@type":"ListItem","position":1,"name":"Accueil","item":"https:\/\/reeducreflexesarchaiques.ovh\/"},{"@type":"ListItem","position":2,"name":"Votre praticien"}]},{"@type":"WebSite","@id":"https:\/\/reeducreflexesarchaiques.ovh\/#website","url":"https:\/\/reeducreflexesarchaiques.ovh\/","name":"R\u00e9\u00e9ducation sensorielle et motrice","description":"ree","publisher":{"@id":"https:\/\/reeducreflexesarchaiques.ovh\/#organization"},"potentialAction":[{"@type":"SearchAction","target":{"@type":"EntryPoint","urlTemplate":"https:\/\/reeducreflexesarchaiques.ovh\/?s={search_term_string}"},"query-input":"required name=search_term_string"}],"inLanguage":"en-US"},{"@type":"Organization","@id":"https:\/\/reeducreflexesarchaiques.ovh\/#organization","name":"R\u00e9\u00e9ducation sensorielle et motrice","url":"https:\/\/reeducreflexesarchaiques.ovh\/","logo":{"@type":"ImageObject","inLanguage":"en-US","@id":"https:\/\/reeducreflexesarchaiques.ovh\/#\/schema\/logo\/image\/","url":"","contentUrl":"","caption":"R\u00e9\u00e9ducation sensorielle et motrice"},"image":{"@id":"https:\/\/reeducreflexesarchaiques.ovh\/#\/schema\/logo\/image\/"}}]}},"_links":{"self":[{"href":"https:\/\/reeducreflexesarchaiques.ovh\/index.php\/wp-json\/wp\/v2\/pages\/30","targetHints":{"allow":["GET"]}}],"collection":[{"href":"https:\/\/reeducreflexesarchaiques.ovh\/index.php\/wp-json\/wp\/v2\/pages"}],"about":[{"href":"https:\/\/reeducreflexesarchaiques.ovh\/index.php\/wp-json\/wp\/v2\/types\/page"}],"author":[{"embeddable":true,"href":"https:\/\/reeducreflexesarchaiques.ovh\/index.php\/wp-json\/wp\/v2\/users\/1"}],"replies":[{"embeddable":true,"href":"https:\/\/reeducreflexesarchaiques.ovh\/index.php\/wp-json\/wp\/v2\/comments?post=30"}],"version-history":[{"count":10,"href":"https:\/\/reeducreflexesarchaiques.ovh\/index.php\/wp-json\/wp\/v2\/pages\/30\/revisions"}],"predecessor-version":[{"id":153,"href":"https:\/\/reeducreflexesarchaiques.ovh\/index.php\/wp-json\/wp\/v2\/pages\/30\/revisions\/153"}],"wp:attachment":[{"href":"https:\/\/reeducreflexesarchaiques.ovh\/index.php\/wp-json\/wp\/v2\/media?parent=30"}],"curies":[{"name":"wp","href":"https:\/\/api.w.org\/{rel}","templated":true}]}}