{"id":54,"date":"2023-07-11T13:13:48","date_gmt":"2023-07-11T11:13:48","guid":{"rendered":"http:\/\/reeducreflexesarchaiques.ovh\/?page_id=54"},"modified":"2023-07-13T16:11:11","modified_gmt":"2023-07-13T14:11:11","slug":"reeducation-des","status":"publish","type":"page","link":"https:\/\/reeducreflexesarchaiques.ovh\/index.php\/reeducation-des\/","title":{"rendered":"Les r\u00e9flexes archa\u00efques"},"content":{"rendered":"\n<p class=\"has-neve-text-color-color has-text-color\">Lorsqu&#8217;un enfant nait, il poss\u00e8de pour vivre et interagir avec son environnement, un r\u00e9pertoire de mouvements instinctifs appel\u00e9s r\u00e9flexes &#8220;archa\u00efques&#8221;. Ces mouvements commencent \u00e0 se manifester d\u00e8s le d\u00e9but de la vie -n-ut\u00e9ro.<\/p>\n\n\n\n<p>Ils sont activ\u00e9s par la partie du cerveau commune \u00e0 toutes les cr\u00e9atures vivantes : le cerveau ancien.<\/p>\n\n\n\n<p>Ces r\u00e9flexes primitifs ont d&#8217;abord une fonction de survie et d&#8217;adaptation. Nous connaissons le r\u00e9flexe de succion du b\u00e9b\u00e9, le r\u00e9flexe d&#8217;agrippement des doigts. La r\u00e9p\u00e9tition des mouvements qu&#8217;ils commandent stimule les informations neuronales entre les organes des sens et le cerveau en d\u00e9veloppement.<\/p>\n\n\n\n<p>Ces r\u00e9flexes archa\u00efques sont appel\u00e9s \u00e0 disparaitre durant la premi\u00e8re ann\u00e9e de vie de l&#8217;enfant, apr\u00e8s avoir \u00e9t\u00e9 inhib\u00e9s et contr\u00f4l\u00e9s par les parties hautes du cerveau, le cortex, si\u00e8ge des apprentissages. Mais cela ne peut se faire qu&#8217;apr\u00e8s leur complet d\u00e9veloppement, apr\u00e8s avoir accompli le travail que la nature leur a confi\u00e9.<\/p>\n\n\n\n<p>Si l&#8217;un ou plusieurs d&#8217;entre eux ne se sont pas d\u00e9velopp\u00e9s pleinement, ils vont rester actifs et fragiliser les \u00e9tapes ult\u00e9rieures du d\u00e9veloppement de l&#8217;enfant. Et cela bien qu&#8217;il soit parfaitement normal et souvent tr\u00e8s intelligent : le syst\u00e8me nerveux ne peut pas atteindre sa pleine maturit\u00e9<\/p>\n\n\n\n<ul class=\"wp-block-list\">\n<li>R\u00e9flexe de radiation du nombril<\/li>\n<\/ul>\n\n\n\n<ul class=\"wp-block-list\">\n<li>R\u00e9flexe de succion (28 semaines)<\/li>\n<\/ul>\n\n\n\n<ul class=\"wp-block-list\">\n<li>R\u00e9flexe d\u2019enracinement ou de fouissement<\/li>\n<\/ul>\n\n\n\n<ul class=\"wp-block-list\">\n<li>R\u00e9flexes d\u2019agrippement palmaire et plantaire (11 semaines)<\/li>\n\n\n\n<li>R\u00e9flexe de Galant (20 semaines)<\/li>\n<\/ul>\n\n\n\n<ul class=\"wp-block-list\">\n<li>R\u00e9flexe de Moro (9 semaines)<\/li>\n<\/ul>\n\n\n\n<ul class=\"wp-block-list\">\n<li>R\u00e9flexe Asym\u00e9trique du cou (18 semaines)<\/li>\n<\/ul>\n\n\n\n<ul class=\"wp-block-list\">\n<li>R\u00e9flexe du Labyrinthe ================)&nbsp; &nbsp; &nbsp;&nbsp;&nbsp;&nbsp;&nbsp;A la naissance&nbsp;&nbsp;&nbsp;&nbsp;&nbsp;&nbsp;&nbsp;<\/li>\n<\/ul>\n\n\n\n<ul class=\"wp-block-list\">\n<li>R\u00e9flexe Sym\u00e9trique du cou (6 \u00e0 9 mois apr\u00e8s la naissance)<\/li>\n<\/ul>\n\n\n\n<p><strong>R\u00e9flexe de radiation du nombril <\/strong>: <\/p>\n\n\n\n<p>La connexion nombril-bouche est fondamentale, elle permet le transfert \u00e9nerg\u00e9tique du nombril \u00e0 la bouche, par laquelle le b\u00e9b\u00e9 devra d\u00e9sormais passer pour r\u00e9pondre \u00e0 ses besoins en nourriture. De cette connexion d\u00e9coule la capacit\u00e9 du b\u00e9b\u00e9 \u00e0 t\u00e9ter.<\/p>\n\n\n\n<p>&nbsp;La connexion nombril-anus est \u00e9galement cruciale car elle va entra\u00eener la mise en route du syst\u00e8me digestif et la capacit\u00e9 \u00e0 excr\u00e9ter le m\u00e9conium puis les selles et les urines.<\/p>\n\n\n\n<p>A partir de cet axe central, les quatre autres branches peuvent alors s\u2019activer&nbsp;: nombril-\u00e9paules droite et gauche, nombril-hanches droite et gauche.<\/p>\n\n\n\n<p>Pour le b\u00e9b\u00e9, apr\u00e8s la gestation, l\u2019accouchement et la naissance, le rep\u00e8re que constitue son centre est primordial pour organiser la conscience de l\u2019unit\u00e9 de son \u00eatre, sa motricit\u00e9 et probablement l\u2019amorce de son sentiment de s\u00e9curit\u00e9 int\u00e9rieure.<\/p>\n\n\n\n<p>Chez l\u2019enfant et l\u2019adulte,<em>&nbsp;un r\u00e9flexe de centrage<\/em> bien pr\u00e9sent, donne acc\u00e8s \u00e0 une stabilit\u00e9 posturale, des d\u00e9placements et gestes coordonn\u00e9es, un sentiment de s\u00e9curit\u00e9 int\u00e9rieure et de confiance en soi, un sentiment d\u2019ancrage, d\u2019enracinement, d\u2019\u00e9quilibre.<\/p>\n\n\n\n<p> <strong>Le r\u00e9flexe de Moro :<\/strong><\/p>\n\n\n\n<p>R\u00e9action imm\u00e9diate et d\u2019urgence : ouverture des bras et des jambes (bruit fort et soudain, changement de lumi\u00e8re, toucher trop brutal\u2026 puis fermeture (cris pour alerter son entourage)<\/p>\n\n\n\n<p><strong>Reflexes d&#8217;agrippement li\u00e9s au r\u00e9flexe de Moro, plantaire, palmaire de succion, de fouissement et de Galant<\/strong> sont stimul\u00e9s par une pression du pouce sous les doigts de pied ou dans la paume de la main. Stimulation tactile au coin de la bouche photo (3) le b\u00e9b\u00e9 se tourne vers la source de nourriture ou dans la bouche photo (4) :le b\u00e9b\u00e9 commence \u00e0 t\u00e9ter.<\/p>\n\n\n\n<p>R\u00e9flexe de Galant : Activation de la sensibilit\u00e9 lombaire : flexion du bassin Il est en relation avec les r\u00e9flexes d&#8217;agrippement ainsi que le r\u00e9flexe asym\u00e9trique du cou.&nbsp;&nbsp;Il permet l&#8217;organisation au niveau sensoriel et moteur.<\/p>\n\n\n\n<p>Le r\u00e9flexe du Labyrinthe et le r\u00e9flexe de Moro sont li\u00e9s. Ils sont tous les deux activ\u00e9s par la stimulation de l\u2019oreille interne.<\/p>\n\n\n\n<p>In ut\u00e9ro : (vers l\u2019avant) stimule le syst\u00e8me vestibulaire, base de l\u2019\u00e9quilibre<\/p>\n\n\n\n<p>A la naissance, (vers l\u2019arri\u00e8re)le b\u00e9b\u00e9 doit prendre la position du r\u00e9flexe arri\u00e8re afin de sortir du ventre de sa m\u00e8re.&nbsp;<\/p>\n\n\n\n<p><strong>L\u2019inhibition intervient quand le b\u00e9b\u00e9 allong\u00e9 sur le ventre commence \u00e0 redresser sa t\u00eate<\/strong><\/p>\n\n\n\n<p><strong>Le R\u00e9flexe asym\u00e9trique du cou<\/strong> : Ce sont les premiers mouvements que la maman ressent du b\u00e9b\u00e9. Le mouvement de la t\u00eate&nbsp; du f\u0153tus vers un c\u00f4t\u00e9 du corps active une r\u00e9action neuromusculaire d\u2019extension du bras et de la jambe&nbsp; et l\u2019autre c\u00f4t\u00e9 plie.<\/p>\n\n\n\n<p>Cette r\u00e9action Asym\u00e9trique engage neuromusculairement les 2 c\u00f4t\u00e9s du corps de mani\u00e8re oppos\u00e9e.<\/p>\n\n\n\n<p>Survie&nbsp;&nbsp;&nbsp;&nbsp;&nbsp;&nbsp;&nbsp;&nbsp;&nbsp;&nbsp; assure le passage d\u2019air du b\u00e9b\u00e9 sur le ventre<\/p>\n\n\n\n<p>Apprentissage&nbsp;&nbsp;&nbsp;&nbsp;&nbsp;&nbsp;&nbsp;&nbsp;&nbsp;&nbsp; du c\u00f4t\u00e9 sur le dos&nbsp; ; du dos sur le c\u00f4t\u00e9<\/p>\n\n\n\n<p><strong>Le r\u00e9flexe Tonique Sym\u00e9trique du cou<\/strong><\/p>\n\n\n\n<p>Il pr\u00e9pare l\u2019enfant \u00e0 d\u00e9fier la gravit\u00e9 \u00e0 4 pattes. Activ\u00e9 dans tout le corps \u00e0 partir de la position de la t\u00eate.<\/p>\n\n\n\n<p>Sur le ventre : t\u00eate pos\u00e9e, tension des jambes, montent les fesses. (7-8 mois)<\/p>\n\n\n\n<p>Sur les fesses : t\u00eate vers l\u2019avant, l\u2019enfant soul\u00e8ve le haut du corps, raidit les bras et s\u2019assied sur ses jambes.<\/p>\n\n\n\n<p>Ce r\u00e9flexe permet \u00e0 l\u2019enfant de d\u00e9velopper sa vision \u00e0 longueur de bras (17 cm). A mesure que il est inhib\u00e9, les yeux commencent \u00e0 travailler ensemble. Essentiel pour copier et coordonner les mouvements des yeux et de la main.<\/p>\n\n\n\n<p><strong>C\u2019est \u00e0 travers le 4 pattes que les syst\u00e8mes visuel, proprioceptif et vestibulaire op\u00e8rent ensemble.<\/strong><\/p>\n\n\n\n<p><strong>Perception de l\u2019\u00e9quilibre, de l\u2019espace et des distances (profondeur).<\/strong><\/p>\n\n\n\n<p><strong> <\/strong><\/p>\n","protected":false},"excerpt":{"rendered":"<p>Lorsqu&#8217;un enfant nait, il poss\u00e8de pour vivre et interagir avec son environnement, un r\u00e9pertoire de mouvements instinctifs appel\u00e9s r\u00e9flexes &#8220;archa\u00efques&#8221;. Ces mouvements commencent \u00e0 se manifester d\u00e8s le d\u00e9but de la vie -n-ut\u00e9ro. Ils sont activ\u00e9s par la partie du cerveau commune \u00e0 toutes les cr\u00e9atures vivantes : le cerveau ancien. Ces r\u00e9flexes primitifs ont&hellip;&nbsp;<a href=\"https:\/\/reeducreflexesarchaiques.ovh\/index.php\/reeducation-des\/\" class=\"\" rel=\"bookmark\">Read More &raquo;<span class=\"screen-reader-text\">Les r\u00e9flexes archa\u00efques<\/span><\/a><\/p>\n","protected":false},"author":1,"featured_media":0,"parent":0,"menu_order":0,"comment_status":"closed","ping_status":"closed","template":"","meta":{"neve_meta_sidebar":"","neve_meta_container":"","neve_meta_enable_content_width":"","neve_meta_content_width":0,"neve_meta_title_alignment":"","neve_meta_author_avatar":"","neve_post_elements_order":"","neve_meta_disable_header":"","neve_meta_disable_footer":"","neve_meta_disable_title":"","_ti_tpc_template_sync":false,"_ti_tpc_template_id":"","footnotes":""},"class_list":["post-54","page","type-page","status-publish","hentry"],"yoast_head":"<!-- This site is optimized with the Yoast SEO plugin v20.10 - https:\/\/yoast.com\/wordpress\/plugins\/seo\/ -->\n<title>Les r\u00e9flexes archa\u00efques - R\u00e9\u00e9ducation sensorielle et motrice %<\/title>\n<meta name=\"robots\" content=\"index, follow, max-snippet:-1, max-image-preview:large, max-video-preview:-1\" \/>\n<link rel=\"canonical\" href=\"https:\/\/reeducreflexesarchaiques.ovh\/index.php\/reeducation-des\/\" \/>\n<meta property=\"og:locale\" content=\"en_US\" \/>\n<meta property=\"og:type\" content=\"article\" \/>\n<meta property=\"og:title\" content=\"Les r\u00e9flexes archa\u00efques - R\u00e9\u00e9ducation sensorielle et motrice %\" \/>\n<meta property=\"og:description\" content=\"Lorsqu&#8217;un enfant nait, il poss\u00e8de pour vivre et interagir avec son environnement, un r\u00e9pertoire de mouvements instinctifs appel\u00e9s r\u00e9flexes &#8220;archa\u00efques&#8221;. Ces mouvements commencent \u00e0 se manifester d\u00e8s le d\u00e9but de la vie -n-ut\u00e9ro. Ils sont activ\u00e9s par la partie du cerveau commune \u00e0 toutes les cr\u00e9atures vivantes : le cerveau ancien. Ces r\u00e9flexes primitifs ont&hellip;&nbsp;Read More &raquo;Les r\u00e9flexes archa\u00efques\" \/>\n<meta property=\"og:url\" content=\"https:\/\/reeducreflexesarchaiques.ovh\/index.php\/reeducation-des\/\" \/>\n<meta property=\"og:site_name\" content=\"R\u00e9\u00e9ducation sensorielle et motrice\" \/>\n<meta property=\"article:modified_time\" content=\"2023-07-13T14:11:11+00:00\" \/>\n<meta name=\"twitter:card\" content=\"summary_large_image\" \/>\n<meta name=\"twitter:label1\" content=\"Est. reading time\" \/>\n\t<meta name=\"twitter:data1\" content=\"5 minutes\" \/>\n<script type=\"application\/ld+json\" class=\"yoast-schema-graph\">{\"@context\":\"https:\/\/schema.org\",\"@graph\":[{\"@type\":\"WebPage\",\"@id\":\"https:\/\/reeducreflexesarchaiques.ovh\/index.php\/reeducation-des\/\",\"url\":\"https:\/\/reeducreflexesarchaiques.ovh\/index.php\/reeducation-des\/\",\"name\":\"Les r\u00e9flexes archa\u00efques - R\u00e9\u00e9ducation sensorielle et motrice %\",\"isPartOf\":{\"@id\":\"https:\/\/reeducreflexesarchaiques.ovh\/#website\"},\"datePublished\":\"2023-07-11T11:13:48+00:00\",\"dateModified\":\"2023-07-13T14:11:11+00:00\",\"breadcrumb\":{\"@id\":\"https:\/\/reeducreflexesarchaiques.ovh\/index.php\/reeducation-des\/#breadcrumb\"},\"inLanguage\":\"en-US\",\"potentialAction\":[{\"@type\":\"ReadAction\",\"target\":[\"https:\/\/reeducreflexesarchaiques.ovh\/index.php\/reeducation-des\/\"]}]},{\"@type\":\"BreadcrumbList\",\"@id\":\"https:\/\/reeducreflexesarchaiques.ovh\/index.php\/reeducation-des\/#breadcrumb\",\"itemListElement\":[{\"@type\":\"ListItem\",\"position\":1,\"name\":\"Accueil\",\"item\":\"https:\/\/reeducreflexesarchaiques.ovh\/\"},{\"@type\":\"ListItem\",\"position\":2,\"name\":\"Les r\u00e9flexes archa\u00efques\"}]},{\"@type\":\"WebSite\",\"@id\":\"https:\/\/reeducreflexesarchaiques.ovh\/#website\",\"url\":\"https:\/\/reeducreflexesarchaiques.ovh\/\",\"name\":\"R\u00e9\u00e9ducation sensorielle et motrice\",\"description\":\"ree\",\"publisher\":{\"@id\":\"https:\/\/reeducreflexesarchaiques.ovh\/#organization\"},\"potentialAction\":[{\"@type\":\"SearchAction\",\"target\":{\"@type\":\"EntryPoint\",\"urlTemplate\":\"https:\/\/reeducreflexesarchaiques.ovh\/?s={search_term_string}\"},\"query-input\":\"required name=search_term_string\"}],\"inLanguage\":\"en-US\"},{\"@type\":\"Organization\",\"@id\":\"https:\/\/reeducreflexesarchaiques.ovh\/#organization\",\"name\":\"R\u00e9\u00e9ducation sensorielle et motrice\",\"url\":\"https:\/\/reeducreflexesarchaiques.ovh\/\",\"logo\":{\"@type\":\"ImageObject\",\"inLanguage\":\"en-US\",\"@id\":\"https:\/\/reeducreflexesarchaiques.ovh\/#\/schema\/logo\/image\/\",\"url\":\"\",\"contentUrl\":\"\",\"caption\":\"R\u00e9\u00e9ducation sensorielle et motrice\"},\"image\":{\"@id\":\"https:\/\/reeducreflexesarchaiques.ovh\/#\/schema\/logo\/image\/\"}}]}<\/script>\n<!-- \/ Yoast SEO plugin. -->","yoast_head_json":{"title":"Les r\u00e9flexes archa\u00efques - R\u00e9\u00e9ducation sensorielle et motrice %","robots":{"index":"index","follow":"follow","max-snippet":"max-snippet:-1","max-image-preview":"max-image-preview:large","max-video-preview":"max-video-preview:-1"},"canonical":"https:\/\/reeducreflexesarchaiques.ovh\/index.php\/reeducation-des\/","og_locale":"en_US","og_type":"article","og_title":"Les r\u00e9flexes archa\u00efques - R\u00e9\u00e9ducation sensorielle et motrice %","og_description":"Lorsqu&#8217;un enfant nait, il poss\u00e8de pour vivre et interagir avec son environnement, un r\u00e9pertoire de mouvements instinctifs appel\u00e9s r\u00e9flexes &#8220;archa\u00efques&#8221;. Ces mouvements commencent \u00e0 se manifester d\u00e8s le d\u00e9but de la vie -n-ut\u00e9ro. Ils sont activ\u00e9s par la partie du cerveau commune \u00e0 toutes les cr\u00e9atures vivantes : le cerveau ancien. Ces r\u00e9flexes primitifs ont&hellip;&nbsp;Read More &raquo;Les r\u00e9flexes archa\u00efques","og_url":"https:\/\/reeducreflexesarchaiques.ovh\/index.php\/reeducation-des\/","og_site_name":"R\u00e9\u00e9ducation sensorielle et motrice","article_modified_time":"2023-07-13T14:11:11+00:00","twitter_card":"summary_large_image","twitter_misc":{"Est. reading time":"5 minutes"},"schema":{"@context":"https:\/\/schema.org","@graph":[{"@type":"WebPage","@id":"https:\/\/reeducreflexesarchaiques.ovh\/index.php\/reeducation-des\/","url":"https:\/\/reeducreflexesarchaiques.ovh\/index.php\/reeducation-des\/","name":"Les r\u00e9flexes archa\u00efques - R\u00e9\u00e9ducation sensorielle et motrice %","isPartOf":{"@id":"https:\/\/reeducreflexesarchaiques.ovh\/#website"},"datePublished":"2023-07-11T11:13:48+00:00","dateModified":"2023-07-13T14:11:11+00:00","breadcrumb":{"@id":"https:\/\/reeducreflexesarchaiques.ovh\/index.php\/reeducation-des\/#breadcrumb"},"inLanguage":"en-US","potentialAction":[{"@type":"ReadAction","target":["https:\/\/reeducreflexesarchaiques.ovh\/index.php\/reeducation-des\/"]}]},{"@type":"BreadcrumbList","@id":"https:\/\/reeducreflexesarchaiques.ovh\/index.php\/reeducation-des\/#breadcrumb","itemListElement":[{"@type":"ListItem","position":1,"name":"Accueil","item":"https:\/\/reeducreflexesarchaiques.ovh\/"},{"@type":"ListItem","position":2,"name":"Les r\u00e9flexes archa\u00efques"}]},{"@type":"WebSite","@id":"https:\/\/reeducreflexesarchaiques.ovh\/#website","url":"https:\/\/reeducreflexesarchaiques.ovh\/","name":"R\u00e9\u00e9ducation sensorielle et motrice","description":"ree","publisher":{"@id":"https:\/\/reeducreflexesarchaiques.ovh\/#organization"},"potentialAction":[{"@type":"SearchAction","target":{"@type":"EntryPoint","urlTemplate":"https:\/\/reeducreflexesarchaiques.ovh\/?s={search_term_string}"},"query-input":"required name=search_term_string"}],"inLanguage":"en-US"},{"@type":"Organization","@id":"https:\/\/reeducreflexesarchaiques.ovh\/#organization","name":"R\u00e9\u00e9ducation sensorielle et motrice","url":"https:\/\/reeducreflexesarchaiques.ovh\/","logo":{"@type":"ImageObject","inLanguage":"en-US","@id":"https:\/\/reeducreflexesarchaiques.ovh\/#\/schema\/logo\/image\/","url":"","contentUrl":"","caption":"R\u00e9\u00e9ducation sensorielle et motrice"},"image":{"@id":"https:\/\/reeducreflexesarchaiques.ovh\/#\/schema\/logo\/image\/"}}]}},"_links":{"self":[{"href":"https:\/\/reeducreflexesarchaiques.ovh\/index.php\/wp-json\/wp\/v2\/pages\/54","targetHints":{"allow":["GET"]}}],"collection":[{"href":"https:\/\/reeducreflexesarchaiques.ovh\/index.php\/wp-json\/wp\/v2\/pages"}],"about":[{"href":"https:\/\/reeducreflexesarchaiques.ovh\/index.php\/wp-json\/wp\/v2\/types\/page"}],"author":[{"embeddable":true,"href":"https:\/\/reeducreflexesarchaiques.ovh\/index.php\/wp-json\/wp\/v2\/users\/1"}],"replies":[{"embeddable":true,"href":"https:\/\/reeducreflexesarchaiques.ovh\/index.php\/wp-json\/wp\/v2\/comments?post=54"}],"version-history":[{"count":5,"href":"https:\/\/reeducreflexesarchaiques.ovh\/index.php\/wp-json\/wp\/v2\/pages\/54\/revisions"}],"predecessor-version":[{"id":146,"href":"https:\/\/reeducreflexesarchaiques.ovh\/index.php\/wp-json\/wp\/v2\/pages\/54\/revisions\/146"}],"wp:attachment":[{"href":"https:\/\/reeducreflexesarchaiques.ovh\/index.php\/wp-json\/wp\/v2\/media?parent=54"}],"curies":[{"name":"wp","href":"https:\/\/api.w.org\/{rel}","templated":true}]}}